{"id":490,"date":"2025-04-25T13:17:28","date_gmt":"2025-04-25T10:17:28","guid":{"rendered":"https:\/\/adaletegitimkurumlari.com\/?page_id=490"},"modified":"2025-04-25T20:12:54","modified_gmt":"2025-04-25T17:12:54","slug":"hakkimizda","status":"publish","type":"page","link":"https:\/\/adaletegitimkurumlari.com\/index.php\/hakkimizda\/","title":{"rendered":"Hakk\u0131m\u0131zda"},"content":{"rendered":"\t\t<div data-elementor-type=\"wp-page\" data-elementor-id=\"490\" class=\"elementor elementor-490\" data-elementor-post-type=\"page\">\n\t\t\t\t<div class=\"elementor-element elementor-element-5b673da e-flex e-con-boxed e-con e-parent\" data-id=\"5b673da\" data-element_type=\"container\">\n\t\t\t\t\t<div class=\"e-con-inner\">\n\t\t<div class=\"elementor-element elementor-element-9354bc1 e-con-full e-flex e-con e-child\" data-id=\"9354bc1\" data-element_type=\"container\">\n\t\t\t\t<div class=\"elementor-element elementor-element-ad6f0b4 elementor-widget elementor-widget-image\" data-id=\"ad6f0b4\" data-element_type=\"widget\" data-widget_type=\"image.default\">\n\t\t\t\t\t\t\t\t\t\t\t\t\t\t\t<img fetchpriority=\"high\" decoding=\"async\" width=\"1024\" height=\"683\" src=\"https:\/\/adaletegitimkurumlari.com\/wp-content\/uploads\/2025\/04\/library-la-trobe-study-students-159775-159775-1024x683.jpg\" class=\"attachment-large size-large wp-image-507\" alt=\"A lively university library scene with students studying diligently at wooden desks.\" srcset=\"https:\/\/adaletegitimkurumlari.com\/wp-content\/uploads\/2025\/04\/library-la-trobe-study-students-159775-159775-1024x683.jpg 1024w, https:\/\/adaletegitimkurumlari.com\/wp-content\/uploads\/2025\/04\/library-la-trobe-study-students-159775-159775-300x200.jpg 300w, https:\/\/adaletegitimkurumlari.com\/wp-content\/uploads\/2025\/04\/library-la-trobe-study-students-159775-159775-768x512.jpg 768w, https:\/\/adaletegitimkurumlari.com\/wp-content\/uploads\/2025\/04\/library-la-trobe-study-students-159775-159775-1536x1024.jpg 1536w, https:\/\/adaletegitimkurumlari.com\/wp-content\/uploads\/2025\/04\/library-la-trobe-study-students-159775-159775-2048x1365.jpg 2048w, https:\/\/adaletegitimkurumlari.com\/wp-content\/uploads\/2025\/04\/library-la-trobe-study-students-159775-159775-500x333.jpg 500w, https:\/\/adaletegitimkurumlari.com\/wp-content\/uploads\/2025\/04\/library-la-trobe-study-students-159775-159775-800x533.jpg 800w, https:\/\/adaletegitimkurumlari.com\/wp-content\/uploads\/2025\/04\/library-la-trobe-study-students-159775-159775-1280x853.jpg 1280w, https:\/\/adaletegitimkurumlari.com\/wp-content\/uploads\/2025\/04\/library-la-trobe-study-students-159775-159775-1920x1280.jpg 1920w\" sizes=\"(max-width: 1024px) 100vw, 1024px\" \/>\t\t\t\t\t\t\t\t\t\t\t\t\t\t\t<\/div>\n\t\t\t\t<\/div>\n\t\t<div class=\"elementor-element elementor-element-b0d6a8f e-con-full e-flex e-con e-child\" data-id=\"b0d6a8f\" data-element_type=\"container\">\n\t\t\t\t<div class=\"elementor-element elementor-element-aecf43b elementor-widget elementor-widget-text-editor\" data-id=\"aecf43b\" data-element_type=\"widget\" data-widget_type=\"text-editor.default\">\n\t\t\t\t\t\t\t\t\t<p><b>ADALET E\u011e\u0130T\u0130M KURUMLARI,<\/b>\u00a0Serbest Muhasebeci Mali M\u00fc\u015favirlik\u00a0<strong>S<\/strong>taja\u00a0<strong>G<\/strong>iri\u015f\u00a0<strong>S<\/strong>\u0131navlar\u0131 ve\u00a0<strong>Y<\/strong>eterlilik\u00a0<strong>S<\/strong>\u0131navlar\u0131ndaki 22 y\u0131l\u0131 a\u015fk\u0131n; KGK Ba\u011f\u0131ms\u0131z Denet\u00e7ilik S\u0131navlar\u0131ndaki 10 y\u0131l\u0131 a\u015fk\u0131n e\u011fitim tecr\u00fcbesiyle, 25 binin \u00fczerinde meslek mensubunun yeti\u015fmesinde etkin rol alm\u0131\u015f,\u00a0<b>S\u0130Z\u00a0<\/b>de\u011ferli meslek mensubu adaylar\u0131 i\u00e7in bir araya gelmi\u015f g\u00fc\u00e7l\u00fc bir kadrodan olu\u015fmaktad\u0131r.<\/p><p><b>ADALET E\u011e\u0130T\u0130M KURUMLARI<\/b>\u00a0olarak mesleki tecr\u00fcbelerimizi hem staja giri\u015f s\u0131navlar\u0131nda hem de Serbest Muhasebeci Mali M\u00fc\u015favirlik yeterlilik s\u0131nav\u0131nda,\u00a0<b>BA\u015eARIYI\u00a0<\/b>hanenize yazman\u0131z i\u00e7in yan\u0131n\u0131zda olmak ve bu zorlu a\u015famalar\u0131 ge\u00e7mi\u015fe dayal\u0131 e\u011fitim deyimlerimizle kolay hale getirmek i\u00e7in yola \u00e7\u0131km\u0131\u015f bulunuyoruz.\u00a0<\/p>\t\t\t\t\t\t\t\t<\/div>\n\t\t\t\t<\/div>\n\t\t\t\t\t<\/div>\n\t\t\t\t<\/div>\n\t\t<div class=\"elementor-element elementor-element-7a4b3c9 e-flex e-con-boxed e-con e-parent\" data-id=\"7a4b3c9\" data-element_type=\"container\">\n\t\t\t\t\t<div class=\"e-con-inner\">\n\t\t<div class=\"elementor-element elementor-element-6b445dc e-con-full e-flex e-con e-child\" data-id=\"6b445dc\" data-element_type=\"container\">\n\t\t\t\t<div class=\"elementor-element elementor-element-1c4c141 elementor-widget elementor-widget-heading\" data-id=\"1c4c141\" data-element_type=\"widget\" data-widget_type=\"heading.default\">\n\t\t\t\t\t<h2 class=\"elementor-heading-title elementor-size-default\">Neden Bizi Se\u00e7melisiniz?<\/h2>\t\t\t\t<\/div>\n\t\t\t\t<div class=\"elementor-element elementor-element-742e1e0 elementor-widget elementor-widget-text-editor\" data-id=\"742e1e0\" data-element_type=\"widget\" data-widget_type=\"text-editor.default\">\n\t\t\t\t\t\t\t\t\t<p>Kat\u0131l\u0131mc\u0131lar\u0131m\u0131z i\u00e7in \u00f6nceli\u011fimiz, ba\u015far\u0131lar\u0131n\u0131 desteklemektir. Tecr\u00fcbeli ekibimizle, g\u00fcncel e\u011fitim programlar\u0131 sunarak, kariyer yolculu\u011funuzda yan\u0131n\u0131zda olmay\u0131 vaat ediyoruz.<\/p><p>Hedeflerinize ula\u015fman\u0131z i\u00e7in gereken ad\u0131mlar\u0131 atman\u0131za yard\u0131mc\u0131 oluyoruz. En son sekt\u00f6r yenilikleri ve en iyi uygulamalar\u0131 e\u011fitimlerimize dahil ederek, sadece bir diploma kazanman\u0131z\u0131 de\u011fil, ayn\u0131 zamanda profesyonel geli\u015fiminizi desteklemeyi ama\u00e7l\u0131yoruz. Her a\u015famada sizinle birlikteyiz!<\/p>\t\t\t\t\t\t\t\t<\/div>\n\t\t\t\t<\/div>\n\t\t<div class=\"elementor-element elementor-element-4edca04 e-con-full e-flex e-con e-child\" data-id=\"4edca04\" data-element_type=\"container\">\n\t\t\t\t<div class=\"elementor-element elementor-element-83dd8d7 elementor-widget elementor-widget-image\" data-id=\"83dd8d7\" data-element_type=\"widget\" data-widget_type=\"image.default\">\n\t\t\t\t\t\t\t\t\t\t\t\t\t\t\t<img decoding=\"async\" width=\"683\" height=\"1024\" src=\"https:\/\/adaletegitimkurumlari.com\/wp-content\/uploads\/2025\/04\/pexels-photo-2102416-2102416-683x1024.jpg\" class=\"attachment-large size-large wp-image-482\" alt=\"A web developer working on code in a modern office setting with multiple devices.\" srcset=\"https:\/\/adaletegitimkurumlari.com\/wp-content\/uploads\/2025\/04\/pexels-photo-2102416-2102416-683x1024.jpg 683w, https:\/\/adaletegitimkurumlari.com\/wp-content\/uploads\/2025\/04\/pexels-photo-2102416-2102416-200x300.jpg 200w, https:\/\/adaletegitimkurumlari.com\/wp-content\/uploads\/2025\/04\/pexels-photo-2102416-2102416-768x1152.jpg 768w, https:\/\/adaletegitimkurumlari.com\/wp-content\/uploads\/2025\/04\/pexels-photo-2102416-2102416-1024x1536.jpg 1024w, https:\/\/adaletegitimkurumlari.com\/wp-content\/uploads\/2025\/04\/pexels-photo-2102416-2102416-1365x2048.jpg 1365w, https:\/\/adaletegitimkurumlari.com\/wp-content\/uploads\/2025\/04\/pexels-photo-2102416-2102416-500x750.jpg 500w, https:\/\/adaletegitimkurumlari.com\/wp-content\/uploads\/2025\/04\/pexels-photo-2102416-2102416-800x1200.jpg 800w, https:\/\/adaletegitimkurumlari.com\/wp-content\/uploads\/2025\/04\/pexels-photo-2102416-2102416-1280x1920.jpg 1280w, https:\/\/adaletegitimkurumlari.com\/wp-content\/uploads\/2025\/04\/pexels-photo-2102416-2102416-1920x2880.jpg 1920w, https:\/\/adaletegitimkurumlari.com\/wp-content\/uploads\/2025\/04\/pexels-photo-2102416-2102416-scaled.jpg 1707w\" sizes=\"(max-width: 683px) 100vw, 683px\" \/>\t\t\t\t\t\t\t\t\t\t\t\t\t\t\t<\/div>\n\t\t\t\t<\/div>\n\t\t\t\t\t<\/div>\n\t\t\t\t<\/div>\n\t\t<div class=\"elementor-element elementor-element-b1ca878 e-flex e-con-boxed e-con e-parent\" data-id=\"b1ca878\" data-element_type=\"container\">\n\t\t\t\t\t<div class=\"e-con-inner\">\n\t\t\t\t<div class=\"elementor-element elementor-element-7ea1823 elementor-widget-mobile__width-inherit elementor-widget elementor-widget-heading\" data-id=\"7ea1823\" data-element_type=\"widget\" data-widget_type=\"heading.default\">\n\t\t\t\t\t<h2 class=\"elementor-heading-title elementor-size-default\">Kat\u0131l\u0131mc\u0131  Yorumlar\u0131<\/h2>\t\t\t\t<\/div>\n\t\t<div class=\"elementor-element elementor-element-2fdd57c e-flex e-con-boxed e-con e-child\" data-id=\"2fdd57c\" data-element_type=\"container\">\n\t\t\t\t\t<div class=\"e-con-inner\">\n\t\t<div class=\"elementor-element elementor-element-1b3d4c9 e-con-full e-flex e-con e-child\" data-id=\"1b3d4c9\" data-element_type=\"container\">\n\t\t\t\t<div class=\"elementor-element elementor-element-0b2d647 elementor-widget elementor-widget-text-editor\" data-id=\"0b2d647\" data-element_type=\"widget\" data-widget_type=\"text-editor.default\">\n\t\t\t\t\t\t\t\t\t<p>\u00d6\u011frencilerimiz deneyimlerini bizimle payla\u015f\u0131yor. \u0130\u015fte de\u011ferli mezunlar\u0131m\u0131zdan baz\u0131lar\u0131n\u0131n e\u011fitim yolculuklar\u0131 hakk\u0131nda s\u00f6yledikleri.<\/p>\t\t\t\t\t\t\t\t<\/div>\n\t\t<div class=\"elementor-element elementor-element-5ba0e09 e-con-full e-flex e-con e-child\" data-id=\"5ba0e09\" data-element_type=\"container\">\n\t\t\t\t<div class=\"elementor-element elementor-element-88307bb elementor--star-style-star_unicode elementor-widget elementor-widget-star-rating\" data-id=\"88307bb\" data-element_type=\"widget\" data-widget_type=\"star-rating.default\">\n\t\t\t\t\t\t\t<div class=\"elementor-star-rating__wrapper\">\n\t\t\t\t\t\t<div class=\"elementor-star-rating\" itemtype=\"http:\/\/schema.org\/Rating\" itemscope=\"\" itemprop=\"reviewRating\">\n\t\t\t\t<i class=\"elementor-star-full\" aria-hidden=\"true\">&#9733;<\/i><i class=\"elementor-star-full\" aria-hidden=\"true\">&#9733;<\/i><i class=\"elementor-star-full\" aria-hidden=\"true\">&#9733;<\/i><i class=\"elementor-star-full\" aria-hidden=\"true\">&#9733;<\/i><i class=\"elementor-star-full\" aria-hidden=\"true\">&#9733;<\/i>\t\t\t\t<span itemprop=\"ratingValue\" class=\"elementor-screen-only\">5 \/ 5 \u00fczerinden de\u011ferlendirildi<\/span>\n\t\t\t<\/div>\n\t\t<\/div>\n\t\t\t\t\t\t<\/div>\n\t\t\t\t<div class=\"elementor-element elementor-element-3cd4d9d elementor-widget-mobile__width-inherit elementor-widget elementor-widget-icon-box\" data-id=\"3cd4d9d\" data-element_type=\"widget\" data-widget_type=\"icon-box.default\">\n\t\t\t\t\t\t\t<div class=\"elementor-icon-box-wrapper\">\n\n\t\t\t\n\t\t\t\t\t\t<div class=\"elementor-icon-box-content\">\n\n\t\t\t\t\t\t\t\t\t<h3 class=\"elementor-icon-box-title\">\n\t\t\t\t\t\t<span  >\n\t\t\t\t\t\t\tAhmet Y\u0131lmaz\t\t\t\t\t\t<\/span>\n\t\t\t\t\t<\/h3>\n\t\t\t\t\n\t\t\t\t\t\t\t\t\t<p class=\"elementor-icon-box-description\">\n\t\t\t\t\t\t\"Adalet E\u011fitim Kurumlar\u0131'nda ald\u0131m e\u011fitim, hayat\u0131m\u0131n d\u00f6n\u00fcm noktas\u0131 oldu. Tecr\u00fcbeli e\u011fitmenler sayesinde s\u0131navlara haz\u0131rland\u0131m ve hedefime ula\u015ft\u0131m!\"\t\t\t\t\t<\/p>\n\t\t\t\t\n\t\t\t<\/div>\n\t\t\t\n\t\t<\/div>\n\t\t\t\t\t\t<\/div>\n\t\t\t\t<\/div>\n\t\t\t\t<\/div>\n\t\t<div class=\"elementor-element elementor-element-7aa51b9 e-con-full e-flex e-con e-child\" data-id=\"7aa51b9\" data-element_type=\"container\">\n\t\t\t\t<div class=\"elementor-element elementor-element-89b3539 elementor-widget elementor-widget-text-editor\" data-id=\"89b3539\" data-element_type=\"widget\" data-widget_type=\"text-editor.default\">\n\t\t\t\t\t\t\t\t\t<p>S\u0131navlara haz\u0131rlanmadan \u00f6nce bir\u00e7ok endi\u015fem vard\u0131. Ancak Adalet E\u011fitim Kurumlar\u0131 ekibi bana gerekli bilgi ve motivasyonu sa\u011flad\u0131. \u015eimdi hedeflerime bir ad\u0131m daha yakla\u015ft\u0131m!<\/p>\t\t\t\t\t\t\t\t<\/div>\n\t\t<div class=\"elementor-element elementor-element-eb74603 e-con-full e-flex e-con e-child\" data-id=\"eb74603\" data-element_type=\"container\">\n\t\t\t\t<div class=\"elementor-element elementor-element-69c1901 elementor--star-style-star_unicode elementor-widget elementor-widget-star-rating\" data-id=\"69c1901\" data-element_type=\"widget\" data-widget_type=\"star-rating.default\">\n\t\t\t\t\t\t\t<div class=\"elementor-star-rating__wrapper\">\n\t\t\t\t\t\t<div class=\"elementor-star-rating\" itemtype=\"http:\/\/schema.org\/Rating\" itemscope=\"\" itemprop=\"reviewRating\">\n\t\t\t\t<i class=\"elementor-star-full\" aria-hidden=\"true\">&#9733;<\/i><i class=\"elementor-star-full\" aria-hidden=\"true\">&#9733;<\/i><i class=\"elementor-star-full\" aria-hidden=\"true\">&#9733;<\/i><i class=\"elementor-star-full\" aria-hidden=\"true\">&#9733;<\/i><i class=\"elementor-star-full\" aria-hidden=\"true\">&#9733;<\/i>\t\t\t\t<span itemprop=\"ratingValue\" class=\"elementor-screen-only\">5 \/ 5 \u00fczerinden de\u011ferlendirildi<\/span>\n\t\t\t<\/div>\n\t\t<\/div>\n\t\t\t\t\t\t<\/div>\n\t\t\t\t<div class=\"elementor-element elementor-element-419c998 elementor-widget-mobile__width-inherit elementor-widget elementor-widget-icon-box\" data-id=\"419c998\" data-element_type=\"widget\" data-widget_type=\"icon-box.default\">\n\t\t\t\t\t\t\t<div class=\"elementor-icon-box-wrapper\">\n\n\t\t\t\n\t\t\t\t\t\t<div class=\"elementor-icon-box-content\">\n\n\t\t\t\t\t\t\t\t\t<h3 class=\"elementor-icon-box-title\">\n\t\t\t\t\t\t<span  >\n\t\t\t\t\t\t\tElif Demir\t\t\t\t\t\t<\/span>\n\t\t\t\t\t<\/h3>\n\t\t\t\t\n\t\t\t\t\t\t\t\t\t<p class=\"elementor-icon-box-description\">\n\t\t\t\t\t\t\"E\u011fitim kalitesi ve mentorluklar\u0131 sayesinde kendimi her alanda geli\u015ftirdim. Ger\u00e7ekten profesyonel bir ekip!\"\t\t\t\t\t<\/p>\n\t\t\t\t\n\t\t\t<\/div>\n\t\t\t\n\t\t<\/div>\n\t\t\t\t\t\t<\/div>\n\t\t\t\t<\/div>\n\t\t\t\t<\/div>\n\t\t\t\t\t<\/div>\n\t\t\t\t<\/div>\n\t\t\t\t\t<\/div>\n\t\t\t\t<\/div>\n\t\t\t\t<\/div>\n\t\t","protected":false},"excerpt":{"rendered":"<p>ADALET E\u011e\u0130T\u0130M KURUMLARI,\u00a0Serbest Muhasebeci Mali M\u00fc\u015favirlik\u00a0Staja\u00a0Giri\u015f\u00a0S\u0131navlar\u0131 ve\u00a0Yeterlilik\u00a0S\u0131navlar\u0131ndaki 22 y\u0131l\u0131 a\u015fk\u0131n; KGK Ba\u011f\u0131ms\u0131z Denet\u00e7ilik S\u0131navlar\u0131ndaki 10 y\u0131l\u0131 a\u015fk\u0131n e\u011fitim tecr\u00fcbesiyle, 25 [&hellip;]<\/p>\n","protected":false},"author":1,"featured_media":0,"parent":0,"menu_order":0,"comment_status":"closed","ping_status":"closed","template":"","meta":{"site-sidebar-layout":"no-sidebar","site-content-layout":"","ast-site-content-layout":"full-width-container","site-content-style":"default","site-sidebar-style":"default","ast-global-header-display":"","ast-banner-title-visibility":"","ast-main-header-display":"","ast-hfb-above-header-display":"","ast-hfb-below-header-display":"","ast-hfb-mobile-header-display":"","site-post-title":"disabled","ast-breadcrumbs-content":"","ast-featured-img":"disabled","footer-sml-layout":"","theme-transparent-header-meta":"","adv-header-id-meta":"","stick-header-meta":"","header-above-stick-meta":"","header-main-stick-meta":"","header-below-stick-meta":"","astra-migrate-meta-layouts":"default","ast-page-background-enabled":"default","ast-page-background-meta":{"desktop":{"background-color":"var(--ast-global-color-5)","background-image":"","background-repeat":"repeat","background-position":"center center","background-size":"auto","background-attachment":"scroll","background-type":"","background-media":"","overlay-type":"","overlay-color":"","overlay-opacity":"","overlay-gradient":""},"tablet":{"background-color":"","background-image":"","background-repeat":"repeat","background-position":"center center","background-size":"auto","background-attachment":"scroll","background-type":"","background-media":"","overlay-type":"","overlay-color":"","overlay-opacity":"","overlay-gradient":""},"mobile":{"background-color":"","background-image":"","background-repeat":"repeat","background-position":"center center","background-size":"auto","background-attachment":"scroll","background-type":"","background-media":"","overlay-type":"","overlay-color":"","overlay-opacity":"","overlay-gradient":""}},"ast-content-background-meta":{"desktop":{"background-color":"var(--ast-global-color-4)","background-image":"","background-repeat":"repeat","background-position":"center center","background-size":"auto","background-attachment":"scroll","background-type":"","background-media":"","overlay-type":"","overlay-color":"","overlay-opacity":"","overlay-gradient":""},"tablet":{"background-color":"var(--ast-global-color-4)","background-image":"","background-repeat":"repeat","background-position":"center center","background-size":"auto","background-attachment":"scroll","background-type":"","background-media":"","overlay-type":"","overlay-color":"","overlay-opacity":"","overlay-gradient":""},"mobile":{"background-color":"var(--ast-global-color-4)","background-image":"","background-repeat":"repeat","background-position":"center center","background-size":"auto","background-attachment":"scroll","background-type":"","background-media":"","overlay-type":"","overlay-color":"","overlay-opacity":"","overlay-gradient":""}},"footnotes":""},"class_list":["post-490","page","type-page","status-publish","hentry"],"aioseo_notices":[],"_links":{"self":[{"href":"https:\/\/adaletegitimkurumlari.com\/index.php\/wp-json\/wp\/v2\/pages\/490","targetHints":{"allow":["GET"]}}],"collection":[{"href":"https:\/\/adaletegitimkurumlari.com\/index.php\/wp-json\/wp\/v2\/pages"}],"about":[{"href":"https:\/\/adaletegitimkurumlari.com\/index.php\/wp-json\/wp\/v2\/types\/page"}],"author":[{"embeddable":true,"href":"https:\/\/adaletegitimkurumlari.com\/index.php\/wp-json\/wp\/v2\/users\/1"}],"replies":[{"embeddable":true,"href":"https:\/\/adaletegitimkurumlari.com\/index.php\/wp-json\/wp\/v2\/comments?post=490"}],"version-history":[{"count":19,"href":"https:\/\/adaletegitimkurumlari.com\/index.php\/wp-json\/wp\/v2\/pages\/490\/revisions"}],"predecessor-version":[{"id":574,"href":"https:\/\/adaletegitimkurumlari.com\/index.php\/wp-json\/wp\/v2\/pages\/490\/revisions\/574"}],"wp:attachment":[{"href":"https:\/\/adaletegitimkurumlari.com\/index.php\/wp-json\/wp\/v2\/media?parent=490"}],"curies":[{"name":"wp","href":"https:\/\/api.w.org\/{rel}","templated":true}]}}